{"id":414,"date":"2025-08-19T14:46:32","date_gmt":"2025-08-19T12:46:32","guid":{"rendered":"https:\/\/ugc.familie-schlund.de\/?page_id=414"},"modified":"2025-08-19T15:06:32","modified_gmt":"2025-08-19T13:06:32","slug":"datenschutzerklaerung","status":"publish","type":"page","link":"https:\/\/ugc.familie-schlund.de\/index.php\/datenschutzerklaerung\/","title":{"rendered":"Datenschutzerkl\u00e4rung"},"content":{"rendered":"<div data-colibri-id=\"414-c1\" class=\"style-368 style-local-414-c1 position-relative\">\r\n  <!---->\r\n  <div data-colibri-component=\"section\" data-colibri-id=\"414-c2\" id=\"initial-content\" class=\"h-section h-section-global-spacing d-flex align-items-lg-center align-items-md-center align-items-center style-369 style-local-414-c2 position-relative\">\r\n    <!---->\r\n    <!---->\r\n    <div class=\"h-section-grid-container h-section-boxed-container\">\r\n      <!---->\r\n      <div data-colibri-id=\"414-c3\" class=\"h-row-container gutters-row-lg-2 gutters-row-md-2 gutters-row-0 gutters-row-v-lg-2 gutters-row-v-md-2 gutters-row-v-2 style-370 style-local-414-c3 position-relative\">\r\n        <!---->\r\n        <div class=\"h-row justify-content-lg-center justify-content-md-center justify-content-center align-items-lg-stretch align-items-md-stretch align-items-stretch gutters-col-lg-2 gutters-col-md-2 gutters-col-0 gutters-col-v-lg-2 gutters-col-v-md-2 gutters-col-v-2\">\r\n          <!---->\r\n          <div class=\"h-column h-column-container d-flex h-col-lg-auto h-col-md-auto h-col-auto style-371-outer style-local-414-c4-outer\">\r\n            <div data-colibri-id=\"414-c4\" class=\"d-flex h-flex-basis h-column__inner h-px-lg-2 h-px-md-2 h-px-2 v-inner-lg-2 v-inner-md-2 v-inner-2 style-371 style-local-414-c4 position-relative\">\r\n              <!---->\r\n              <!---->\r\n              <div class=\"w-100 h-y-container h-column__content h-column__v-align flex-basis-100 align-self-lg-start align-self-md-start align-self-start\">\r\n                <!---->\r\n                <div data-colibri-id=\"414-c5\" class=\"style-372 style-local-414-c5 position-relative h-element\">\r\n                  <!---->\r\n                  <div>\r\n                    \r\n                    <hr class=\"wp-block-separator has-alpha-channel-opacity\">\r\n                    \r\n\r\n                    \r\n                    <p>Wir freuen uns sehr \u00fcber Ihr Interesse an unserer Webseite. Der Schutz Ihrer personenbezogenen Daten ist f\u00fcr uns ein wichtiges Anliegen. Nachfolgend informieren wir Sie ausf\u00fchrlich \u00fcber den Umgang mit Ihren Daten.<\/p>\r\n                    \r\n\r\n                    \r\n                    <p><strong>1. Verantwortliche Stelle<\/strong>\r\n                      <br>UGC by Annika Schlund\r\n                      <br>Deisterstra\u00dfe 68\r\n                      <br>30966 Hemmingen\r\n                      <br>E-Mail:\r\n                      <a rel=\"noreferrer noopener\" target=\"_blank\" href=\"mailto:ugc@familie-schlund.de\">ugc@familie-schlund.de<\/a>\r\n                    <\/p>\r\n                    \r\n\r\n                    \r\n                    <p><strong>2. Erhebung und Verarbeitung personenbezogener Daten<\/strong>\r\n                      <br>Personenbezogene Daten sind alle Informationen, die sich auf eine identifizierte oder identifizierbare nat\u00fcrliche Person beziehen, z.B. Name, E-Mail-Adresse oder Nutzerdaten.<\/p>\r\n                    \r\n\r\n                    \r\n                    <p>Wir erheben personenbezogene Daten nur, wenn Sie uns diese freiwillig, z.B. im Rahmen einer Anfrage, Registrierung oder Kontaktaufnahme \u00fcber unser Kontaktformular, mitteilen. Diese Daten verwenden wir ausschlie\u00dflich zur Bearbeitung\r\n                      Ihrer Anfrage und zur Kommunikation mit Ihnen.<\/p>\r\n                    \r\n\r\n                    \r\n                    <p><strong>3. Rechtsgrundlage der Verarbeitung<\/strong>\r\n                      <br>Die Verarbeitung Ihrer Daten erfolgt auf Grundlage Ihrer Einwilligung oder zur Erf\u00fcllung eines Vertrags bzw. vorvertraglicher Ma\u00dfnahmen (Art. 6 Abs. 1 lit. a bzw. b DSGVO).<\/p>\r\n                    \r\n\r\n                    \r\n                    <p><strong>4. Zweck der Datenverarbeitung<\/strong>\r\n                      <br>Wir verwenden Ihre Daten nur zu dem Zweck, zu dem Sie uns diese \u00fcberlassen haben, insbesondere zur Kontaktaufnahme, Beratung und Auftragsbearbeitung.<\/p>\r\n                    \r\n\r\n                    \r\n                    <p><strong>5. Kontaktformular<\/strong>\r\n                      <br>Wenn Sie unser Kontaktformular nutzen, werden die eingegebenen Daten (wie Name, E-Mail-Adresse und Nachricht) f\u00fcr die Bearbeitung Ihrer Anfrage gespeichert. Diese Daten geben wir nicht ohne Ihre Einwilligung weiter.<\/p>\r\n                    \r\n\r\n                    \r\n                    <p><strong>6. Verlinkung zu sozialen Netzwerken<\/strong>\r\n                      <br>Unsere Website enth\u00e4lt Links zu Instagram. Bitte beachten Sie, dass durch einen Klick auf diese Links personenbezogene Daten an Instagram \u00fcbertragen werden k\u00f6nnen. F\u00fcr den Umgang mit Ihren Daten auf Instagram sind deren Datenschutzrichtlinien\r\n                      ma\u00dfgeblich.<\/p>\r\n                    \r\n\r\n                    \r\n                    <p><strong>7. Weitergabe von Daten an Dritte<\/strong>\r\n                      <br>Eine Weitergabe Ihrer Daten an Dritte erfolgt nicht, au\u00dfer dies ist zur Vertragserf\u00fcllung erforderlich oder wir sind gesetzlich dazu verpflichtet.<\/p>\r\n                    \r\n\r\n                    \r\n                    <p><strong>8. Cookies und Tracking<\/strong>\r\n                      <br>Unsere Website verwendet keine Cookies und keine Tracking-Technologien.<\/p>\r\n                    \r\n\r\n                    \r\n                    <p><strong>9. Speicherdauer<\/strong>\r\n                      <br>Wir speichern Ihre personenbezogenen Daten nur so lange, wie es f\u00fcr die genannten Zwecke ben\u00f6tigt wird oder sofern gesetzliche Aufbewahrungsfristen bestehen.<\/p>\r\n                    \r\n\r\n                    \r\n                    <p><strong>10. Ihre Rechte<\/strong>\r\n                      <br>Sie haben jederzeit das Recht auf Auskunft \u00fcber Ihre gespeicherten personenbezogenen Daten, deren Berichtigung, L\u00f6schung oder Einschr\u00e4nkung der Verarbeitung sowie das Recht auf Daten\u00fcbertragbarkeit. Au\u00dferdem k\u00f6nnen Sie Ihre Einwilligung\r\n                      zur Datenverarbeitung jederzeit widerrufen.<\/p>\r\n                    \r\n\r\n                    \r\n                    <p><strong>11. Beschwerderecht<\/strong>\r\n                      <br>Bei datenschutzrechtlichen Beschwerden k\u00f6nnen Sie sich an die zust\u00e4ndige Aufsichtsbeh\u00f6rde wenden. F\u00fcr Niedersachsen ist dies:\r\n                      <br>Die Landesbeauftragte f\u00fcr den Datenschutz Niedersachsen\r\n                      <br>Prinzenstra\u00dfe 5, 30159 Hannover\r\n                      <br>E-Mail:\r\n                      <a rel=\"noreferrer noopener\" target=\"_blank\" href=\"mailto:poststelle@lfd.niedersachsen.de\">poststelle@lfd.niedersachsen.de<\/a>\r\n                    <\/p>\r\n                    \r\n\r\n                    \r\n                    <p><strong>12. Kontakt f\u00fcr Datenschutzfragen<\/strong>\r\n                      <br>Bei Fragen zum Datenschutz k\u00f6nnen Sie sich auch jederzeit direkt an uns wenden:\r\n                      <a rel=\"noreferrer noopener\" target=\"_blank\" href=\"mailto:ugc@familie-schlund.de\">ugc@familie-schlund.de<\/a>\r\n                    <\/p>\r\n                    \r\n\r\n                    \r\n                    <hr class=\"wp-block-separator has-alpha-channel-opacity\">\r\n                    \r\n\r\n                    \r\n                    <p><\/p>\r\n                    \r\n                  <\/div>\r\n                <\/div>\r\n              <\/div>\r\n            <\/div>\r\n          <\/div>\r\n        <\/div>\r\n      <\/div>\r\n    <\/div>\r\n  <\/div>\r\n<\/div>","protected":false},"excerpt":{"rendered":"<p>Wir freuen uns sehr \u00fcber Ihr Interesse an unserer Webseite. Der Schutz Ihrer [&hellip;]<\/p>\n","protected":false},"author":1,"featured_media":0,"parent":0,"menu_order":0,"comment_status":"closed","ping_status":"closed","template":"page-templates\/full-width-page.php","meta":{"_kadence_starter_templates_imported_post":false,"footnotes":""},"class_list":["post-414","page","type-page","status-publish","hentry"],"_links":{"self":[{"href":"https:\/\/ugc.familie-schlund.de\/index.php\/wp-json\/wp\/v2\/pages\/414","targetHints":{"allow":["GET"]}}],"collection":[{"href":"https:\/\/ugc.familie-schlund.de\/index.php\/wp-json\/wp\/v2\/pages"}],"about":[{"href":"https:\/\/ugc.familie-schlund.de\/index.php\/wp-json\/wp\/v2\/types\/page"}],"author":[{"embeddable":true,"href":"https:\/\/ugc.familie-schlund.de\/index.php\/wp-json\/wp\/v2\/users\/1"}],"replies":[{"embeddable":true,"href":"https:\/\/ugc.familie-schlund.de\/index.php\/wp-json\/wp\/v2\/comments?post=414"}],"version-history":[{"count":2,"href":"https:\/\/ugc.familie-schlund.de\/index.php\/wp-json\/wp\/v2\/pages\/414\/revisions"}],"predecessor-version":[{"id":515,"href":"https:\/\/ugc.familie-schlund.de\/index.php\/wp-json\/wp\/v2\/pages\/414\/revisions\/515"}],"wp:attachment":[{"href":"https:\/\/ugc.familie-schlund.de\/index.php\/wp-json\/wp\/v2\/media?parent=414"}],"curies":[{"name":"wp","href":"https:\/\/api.w.org\/{rel}","templated":true}]}}